{"id":66,"date":"2020-07-25T13:00:24","date_gmt":"2020-07-25T13:00:24","guid":{"rendered":"http:\/\/doinahealthcare.ro\/?page_id=66"},"modified":"2020-09-21T16:01:18","modified_gmt":"2020-09-21T16:01:18","slug":"consultatii-si-tratament-la-domiciliu","status":"publish","type":"page","link":"http:\/\/doinahealthcare.ro\/en\/consultatii-si-tratament-la-domiciliu\/","title":{"rendered":"Consulta\u021bii la Domiciliu"},"content":{"rendered":"<div data-elementor-type=\"wp-page\" data-elementor-id=\"66\" class=\"elementor elementor-66\" data-elementor-settings=\"[]\">\n\t\t\t\t\t\t<div class=\"elementor-inner\">\n\t\t\t\t\t\t\t<div class=\"elementor-section-wrap\">\n\t\t\t\t\t\t\t<section class=\"elementor-section elementor-top-section elementor-element elementor-element-7220613 elementor-section-boxed elementor-section-height-default elementor-section-height-default\" data-id=\"7220613\" data-element_type=\"section\">\n\t\t\t\t\t\t<div class=\"elementor-container elementor-column-gap-default\">\n\t\t\t\t\t\t\t<div class=\"elementor-row\">\n\t\t\t\t\t<div class=\"elementor-column elementor-col-50 elementor-top-column elementor-element elementor-element-b7aac64\" data-id=\"b7aac64\" data-element_type=\"column\">\n\t\t\t<div class=\"elementor-column-wrap elementor-element-populated\">\n\t\t\t\t\t\t\t<div class=\"elementor-widget-wrap\">\n\t\t\t\t\t\t<div class=\"elementor-element elementor-element-f704761 elementor-widget elementor-widget-text-editor\" data-id=\"f704761\" data-element_type=\"widget\" data-widget_type=\"text-editor.default\">\n\t\t\t\t<div class=\"elementor-widget-container\">\n\t\t\t\t\t\t\t\t<div class=\"elementor-text-editor elementor-clearfix\">\n\t\t\t\t\tCentrul nostru, prin cadrele medicale specializate, asigur\u0103 asisten\u0163\u0103 medical\u0103 calificat\u0103 la domiciliu, pe baz\u0103 de cerere, pentru persoane aflate \u00een stadiu acut, netransportabile sau \u00een recuperare dup\u0103 o boal\u0103 grav\u0103, r\u0103nire sau interven\u0163ie chirurgical\u0103.\n\nServiciile noastre sunt destinate cu prec\u0103dere adul\u0163ilor \u015fi seniorilor, care sunt \u00eentr-o form\u0103 acut\u0103 a bolii sau \u00een covalescen\u0163\u0103 \u015fi au nevoie de sprijin medical suplimentar pentru a r\u0103m\u00e2ne \u00een condi\u0163ii de siguran\u0163\u0103 la domiciliu \u015fi pentru a evita spitaliz\u0103rile inutile.\t\t\t\t\t<\/div>\n\t\t\t\t\t\t<\/div>\n\t\t\t\t<\/div>\n\t\t\t\t\t\t<\/div>\n\t\t\t\t\t<\/div>\n\t\t<\/div>\n\t\t\t\t<div class=\"elementor-column elementor-col-50 elementor-top-column elementor-element elementor-element-4598a50\" data-id=\"4598a50\" data-element_type=\"column\">\n\t\t\t<div class=\"elementor-column-wrap elementor-element-populated\">\n\t\t\t\t\t\t\t<div class=\"elementor-widget-wrap\">\n\t\t\t\t\t\t<div class=\"elementor-element elementor-element-559d27e elementor-widget elementor-widget-image\" data-id=\"559d27e\" data-element_type=\"widget\" data-widget_type=\"image.default\">\n\t\t\t\t<div class=\"elementor-widget-container\">\n\t\t\t\t\t\t\t\t<div class=\"elementor-image\">\n\t\t\t\t\t\t\t\t\t\t\t\t<img width=\"1024\" height=\"684\" src=\"http:\/\/doinahealthcare.ro\/wp-content\/uploads\/2020\/09\/shutterstock_286992134-1024x684.jpg\" class=\"attachment-large size-large\" alt=\"\" loading=\"lazy\" srcset=\"http:\/\/doinahealthcare.ro\/wp-content\/uploads\/2020\/09\/shutterstock_286992134-1024x684.jpg 1024w, http:\/\/doinahealthcare.ro\/wp-content\/uploads\/2020\/09\/shutterstock_286992134-300x200.jpg 300w, http:\/\/doinahealthcare.ro\/wp-content\/uploads\/2020\/09\/shutterstock_286992134-768x513.jpg 768w, http:\/\/doinahealthcare.ro\/wp-content\/uploads\/2020\/09\/shutterstock_286992134-1536x1025.jpg 1536w, http:\/\/doinahealthcare.ro\/wp-content\/uploads\/2020\/09\/shutterstock_286992134-1618x1080.jpg 1618w, http:\/\/doinahealthcare.ro\/wp-content\/uploads\/2020\/09\/shutterstock_286992134.jpg 2048w\" sizes=\"(max-width: 1024px) 100vw, 1024px\" \/>\t\t\t\t\t\t\t\t\t\t\t\t\t\t<\/div>\n\t\t\t\t\t\t<\/div>\n\t\t\t\t<\/div>\n\t\t\t\t\t\t<\/div>\n\t\t\t\t\t<\/div>\n\t\t<\/div>\n\t\t\t\t\t\t\t\t<\/div>\n\t\t\t\t\t<\/div>\n\t\t<\/section>\n\t\t\t\t\t\t<\/div>\n\t\t\t\t\t\t<\/div>\n\t\t\t\t\t<\/div>","protected":false},"excerpt":{"rendered":"<p>Centrul nostru, prin cadrele medicale specializate, asigur\u0103 asisten\u0163\u0103 medical\u0103 calificat\u0103 la domiciliu, pe baz\u0103 de cerere, pentru persoane aflate \u00een stadiu acut, netransportabile sau \u00een recuperare dup\u0103 o boal\u0103 grav\u0103, r\u0103nire sau interven\u0163ie chirurgical\u0103. Serviciile noastre sunt destinate cu prec\u0103dere adul\u0163ilor \u015fi seniorilor, care sunt \u00eentr-o form\u0103 acut\u0103 a bolii sau \u00een covalescen\u0163\u0103 \u015fi au&hellip; <br \/> <a class=\"read-more\" href=\"http:\/\/doinahealthcare.ro\/en\/consultatii-si-tratament-la-domiciliu\/\">Read more<\/a><\/p>","protected":false},"author":1,"featured_media":0,"parent":0,"menu_order":0,"comment_status":"closed","ping_status":"closed","template":"","meta":[],"_links":{"self":[{"href":"http:\/\/doinahealthcare.ro\/en\/wp-json\/wp\/v2\/pages\/66"}],"collection":[{"href":"http:\/\/doinahealthcare.ro\/en\/wp-json\/wp\/v2\/pages"}],"about":[{"href":"http:\/\/doinahealthcare.ro\/en\/wp-json\/wp\/v2\/types\/page"}],"author":[{"embeddable":true,"href":"http:\/\/doinahealthcare.ro\/en\/wp-json\/wp\/v2\/users\/1"}],"replies":[{"embeddable":true,"href":"http:\/\/doinahealthcare.ro\/en\/wp-json\/wp\/v2\/comments?post=66"}],"version-history":[{"count":4,"href":"http:\/\/doinahealthcare.ro\/en\/wp-json\/wp\/v2\/pages\/66\/revisions"}],"predecessor-version":[{"id":164,"href":"http:\/\/doinahealthcare.ro\/en\/wp-json\/wp\/v2\/pages\/66\/revisions\/164"}],"wp:attachment":[{"href":"http:\/\/doinahealthcare.ro\/en\/wp-json\/wp\/v2\/media?parent=66"}],"curies":[{"name":"wp","href":"https:\/\/api.w.org\/{rel}","templated":true}]}}