{"id":182,"date":"2020-09-23T05:30:30","date_gmt":"2020-09-23T05:30:30","guid":{"rendered":"http:\/\/doinahealthcare.ro\/?page_id=182"},"modified":"2020-09-23T17:44:59","modified_gmt":"2020-09-23T17:44:59","slug":"drepturile-pacientilor","status":"publish","type":"page","link":"http:\/\/doinahealthcare.ro\/en\/drepturile-pacientilor\/","title":{"rendered":"Drepturile pacien\u021bilor"},"content":{"rendered":"<div data-elementor-type=\"wp-page\" data-elementor-id=\"182\" class=\"elementor elementor-182\" data-elementor-settings=\"[]\">\n\t\t\t\t\t\t<div class=\"elementor-inner\">\n\t\t\t\t\t\t\t<div class=\"elementor-section-wrap\">\n\t\t\t\t\t\t\t<section class=\"elementor-section elementor-top-section elementor-element elementor-element-55cb44c3 elementor-hidden-desktop elementor-hidden-tablet elementor-hidden-phone elementor-section-boxed elementor-section-height-default elementor-section-height-default\" data-id=\"55cb44c3\" data-element_type=\"section\">\n\t\t\t\t\t\t<div class=\"elementor-container elementor-column-gap-default\">\n\t\t\t\t\t\t\t<div class=\"elementor-row\">\n\t\t\t\t\t<div class=\"elementor-column elementor-col-100 elementor-top-column elementor-element elementor-element-6803a980\" data-id=\"6803a980\" data-element_type=\"column\">\n\t\t\t<div class=\"elementor-column-wrap elementor-element-populated\">\n\t\t\t\t\t\t\t<div class=\"elementor-widget-wrap\">\n\t\t\t\t\t\t<div class=\"elementor-element elementor-element-33544b00 elementor-widget elementor-widget-text-editor\" data-id=\"33544b00\" data-element_type=\"widget\" data-widget_type=\"text-editor.default\">\n\t\t\t\t<div class=\"elementor-widget-container\">\n\t\t\t\t\t\t\t\t<div class=\"elementor-text-editor elementor-clearfix\">\n\t\t\t\t\t<!-- wp:paragraph -->\n<p><a href=\"http:\/\/doinahealthcare.ro\/wp-content\/uploads\/2020\/09\/Legea_46_2003-2.pdf\" target=\"_blank\" rel=\"noreferrer noopener\" data-type=\"URL\" data-id=\"http:\/\/doinahealthcare.ro\/wp-content\/uploads\/2020\/09\/Legea_46_2003-2.pdf\">Legea nr. 46 din 21 ianuarie 2003 a drepturilor pacientului<\/a><\/p>\n<!-- \/wp:paragraph --><!-- wp:paragraph -->\n<p><a href=\"http:\/\/doinahealthcare.ro\/wp-content\/uploads\/2020\/09\/ORDIN-Nr-1410-din-2016-Norme-de-aplicare-Legea-pacientului.pdf\" target=\"_blank\" rel=\"noreferrer noopener\" data-type=\"URL\" data-id=\"http:\/\/doinahealthcare.ro\/wp-content\/uploads\/2020\/09\/ORDIN-Nr-1410-din-2016-Norme-de-aplicare-Legea-pacientului.pdf\">Ordinul nr. 1.410 din 12 decembrie 2016 privind aprobarea Normelor de aplicare a Legii drepturilor pacientului nr. 46\/2003<\/a><\/p>\n<!-- \/wp:paragraph --><!-- wp:paragraph -->\n<p><a href=\"http:\/\/doinahealthcare.ro\/wp-content\/uploads\/2020\/09\/h3.pdf\" target=\"_blank\" rel=\"noreferrer noopener\">Ordinul nr. 50 din 23 ianuarie 2004 privind metodologia de trimitere a unor categorii de bolnavi pentru tratament \u00een str\u0103in\u0103tate, cu modific\u0103rile \u0219i complet\u0103rile ulterioare<\/a><\/p>\n<!-- \/wp:paragraph --><!-- wp:paragraph -->\n<p><a href=\"http:\/\/doinahealthcare.ro\/wp-content\/uploads\/2020\/09\/LG.pdf\" target=\"_blank\" rel=\"noreferrer noopener\">Legea asisten\u021bei medicale comunitare<\/a><\/p>\n<!-- \/wp:paragraph -->\t\t\t\t\t<\/div>\n\t\t\t\t\t\t<\/div>\n\t\t\t\t<\/div>\n\t\t\t\t\t\t<\/div>\n\t\t\t\t\t<\/div>\n\t\t<\/div>\n\t\t\t\t\t\t\t\t<\/div>\n\t\t\t\t\t<\/div>\n\t\t<\/section>\n\t\t\t\t<section class=\"elementor-section elementor-top-section elementor-element elementor-element-64f6a18 elementor-section-boxed elementor-section-height-default elementor-section-height-default\" data-id=\"64f6a18\" data-element_type=\"section\">\n\t\t\t\t\t\t<div class=\"elementor-container elementor-column-gap-default\">\n\t\t\t\t\t\t\t<div class=\"elementor-row\">\n\t\t\t\t\t<div class=\"elementor-column elementor-col-25 elementor-top-column elementor-element elementor-element-c2542bc\" data-id=\"c2542bc\" data-element_type=\"column\">\n\t\t\t<div class=\"elementor-column-wrap elementor-element-populated\">\n\t\t\t\t\t\t\t<div class=\"elementor-widget-wrap\">\n\t\t\t\t\t\t<div class=\"elementor-element elementor-element-eef5252 elementor-align-center elementor-widget elementor-widget-button\" data-id=\"eef5252\" data-element_type=\"widget\" data-widget_type=\"button.default\">\n\t\t\t\t<div class=\"elementor-widget-container\">\n\t\t\t\t\t<div class=\"elementor-button-wrapper\">\n\t\t\t<a href=\"http:\/\/doinahealthcare.ro\/wp-content\/uploads\/2020\/09\/Legea_46_2003-2.pdf\" target=\"_blank\" class=\"elementor-button-link elementor-button elementor-size-sm\" role=\"button\">\n\t\t\t\t\t\t<span class=\"elementor-button-content-wrapper\">\n\t\t\t\t\t\t<span class=\"elementor-button-text\">Legea nr. 46 din 21 ianuarie 2003 a drepturilor pacientului<\/span>\n\t\t<\/span>\n\t\t\t\t\t<\/a>\n\t\t<\/div>\n\t\t\t\t<\/div>\n\t\t\t\t<\/div>\n\t\t\t\t\t\t<\/div>\n\t\t\t\t\t<\/div>\n\t\t<\/div>\n\t\t\t\t<div class=\"elementor-column elementor-col-25 elementor-top-column elementor-element elementor-element-b725836\" data-id=\"b725836\" data-element_type=\"column\">\n\t\t\t<div class=\"elementor-column-wrap elementor-element-populated\">\n\t\t\t\t\t\t\t<div class=\"elementor-widget-wrap\">\n\t\t\t\t\t\t<div class=\"elementor-element elementor-element-62eb805 elementor-widget elementor-widget-button\" data-id=\"62eb805\" data-element_type=\"widget\" data-widget_type=\"button.default\">\n\t\t\t\t<div class=\"elementor-widget-container\">\n\t\t\t\t\t<div class=\"elementor-button-wrapper\">\n\t\t\t<a href=\"http:\/\/doinahealthcare.ro\/wp-content\/uploads\/2020\/09\/ORDIN-Nr-1410-din-2016-Norme-de-aplicare-Legea-pacientului.pdf\" target=\"_blank\" class=\"elementor-button-link elementor-button elementor-size-sm\" role=\"button\">\n\t\t\t\t\t\t<span class=\"elementor-button-content-wrapper\">\n\t\t\t\t\t\t<span class=\"elementor-button-text\">Ordinul nr. 1.410 din 12 decembrie 2016 privind aprobarea Normelor de aplicare a Legii drepturilor pacientului nr. 46\/2003<\/span>\n\t\t<\/span>\n\t\t\t\t\t<\/a>\n\t\t<\/div>\n\t\t\t\t<\/div>\n\t\t\t\t<\/div>\n\t\t\t\t\t\t<\/div>\n\t\t\t\t\t<\/div>\n\t\t<\/div>\n\t\t\t\t<div class=\"elementor-column elementor-col-25 elementor-top-column elementor-element elementor-element-07f3f32\" data-id=\"07f3f32\" data-element_type=\"column\">\n\t\t\t<div class=\"elementor-column-wrap elementor-element-populated\">\n\t\t\t\t\t\t\t<div class=\"elementor-widget-wrap\">\n\t\t\t\t\t\t<div class=\"elementor-element elementor-element-9632938 elementor-widget elementor-widget-button\" data-id=\"9632938\" data-element_type=\"widget\" data-widget_type=\"button.default\">\n\t\t\t\t<div class=\"elementor-widget-container\">\n\t\t\t\t\t<div class=\"elementor-button-wrapper\">\n\t\t\t<a href=\"http:\/\/doinahealthcare.ro\/wp-content\/uploads\/2020\/09\/h3.pdf\" target=\"_blank\" class=\"elementor-button-link elementor-button elementor-size-sm\" role=\"button\">\n\t\t\t\t\t\t<span class=\"elementor-button-content-wrapper\">\n\t\t\t\t\t\t<span class=\"elementor-button-text\">Ordinul nr. 1.410 din 12 decembrie 2016 privind aprobarea Normelor de aplicare a Legii drepturilor pacientului nr. 46\/2003<\/span>\n\t\t<\/span>\n\t\t\t\t\t<\/a>\n\t\t<\/div>\n\t\t\t\t<\/div>\n\t\t\t\t<\/div>\n\t\t\t\t\t\t<\/div>\n\t\t\t\t\t<\/div>\n\t\t<\/div>\n\t\t\t\t<div class=\"elementor-column elementor-col-25 elementor-top-column elementor-element elementor-element-18bd234\" data-id=\"18bd234\" data-element_type=\"column\">\n\t\t\t<div class=\"elementor-column-wrap elementor-element-populated\">\n\t\t\t\t\t\t\t<div class=\"elementor-widget-wrap\">\n\t\t\t\t\t\t<div class=\"elementor-element elementor-element-ddd91aa elementor-widget elementor-widget-button\" data-id=\"ddd91aa\" data-element_type=\"widget\" data-widget_type=\"button.default\">\n\t\t\t\t<div class=\"elementor-widget-container\">\n\t\t\t\t\t<div class=\"elementor-button-wrapper\">\n\t\t\t<a href=\"http:\/\/doinahealthcare.ro\/wp-content\/uploads\/2020\/09\/LG.pdf\" target=\"_blank\" class=\"elementor-button-link elementor-button elementor-size-sm\" role=\"button\">\n\t\t\t\t\t\t<span class=\"elementor-button-content-wrapper\">\n\t\t\t\t\t\t<span class=\"elementor-button-text\">Legea asisten\u021bei medicale comunitare<\/span>\n\t\t<\/span>\n\t\t\t\t\t<\/a>\n\t\t<\/div>\n\t\t\t\t<\/div>\n\t\t\t\t<\/div>\n\t\t\t\t\t\t<\/div>\n\t\t\t\t\t<\/div>\n\t\t<\/div>\n\t\t\t\t\t\t\t\t<\/div>\n\t\t\t\t\t<\/div>\n\t\t<\/section>\n\t\t\t\t<section class=\"elementor-section elementor-top-section elementor-element elementor-element-b5ed1b5 elementor-section-boxed elementor-section-height-default elementor-section-height-default\" data-id=\"b5ed1b5\" data-element_type=\"section\">\n\t\t\t\t\t\t<div class=\"elementor-container elementor-column-gap-default\">\n\t\t\t\t\t\t\t<div class=\"elementor-row\">\n\t\t\t\t\t<div class=\"elementor-column elementor-col-100 elementor-top-column elementor-element elementor-element-3c2c23c\" data-id=\"3c2c23c\" data-element_type=\"column\">\n\t\t\t<div class=\"elementor-column-wrap elementor-element-populated\">\n\t\t\t\t\t\t\t<div class=\"elementor-widget-wrap\">\n\t\t\t\t\t\t<div class=\"elementor-element elementor-element-df4bf1e elementor-widget elementor-widget-html\" data-id=\"df4bf1e\" data-element_type=\"widget\" data-widget_type=\"html.default\">\n\t\t\t\t<div class=\"elementor-widget-container\">\n\t\t\t<style>\n    a.elementor-button-link.elementor-button.elementor-size-sm {\n        height: 220px;\n        display: table-cell;\n    vertical-align: middle;\n    }\n    \n<\/style>\t\t<\/div>\n\t\t\t\t<\/div>\n\t\t\t\t\t\t<\/div>\n\t\t\t\t\t<\/div>\n\t\t<\/div>\n\t\t\t\t\t\t\t\t<\/div>\n\t\t\t\t\t<\/div>\n\t\t<\/section>\n\t\t\t\t\t\t<\/div>\n\t\t\t\t\t\t<\/div>\n\t\t\t\t\t<\/div>","protected":false},"excerpt":{"rendered":"<p>Legea nr. 46 din 21 ianuarie 2003 a drepturilor pacientului Ordinul nr. 1.410 din 12 decembrie 2016 privind aprobarea Normelor de aplicare a Legii drepturilor pacientului nr. 46\/2003 Ordinul nr. 50 din 23 ianuarie 2004 privind metodologia de trimitere a unor categorii de bolnavi pentru tratament \u00een str\u0103in\u0103tate, cu modific\u0103rile \u0219i complet\u0103rile ulterioare Legea asisten\u021bei&hellip; <br \/> <a class=\"read-more\" href=\"http:\/\/doinahealthcare.ro\/en\/drepturile-pacientilor\/\">Read more<\/a><\/p>","protected":false},"author":1,"featured_media":0,"parent":0,"menu_order":0,"comment_status":"closed","ping_status":"closed","template":"","meta":[],"_links":{"self":[{"href":"http:\/\/doinahealthcare.ro\/en\/wp-json\/wp\/v2\/pages\/182"}],"collection":[{"href":"http:\/\/doinahealthcare.ro\/en\/wp-json\/wp\/v2\/pages"}],"about":[{"href":"http:\/\/doinahealthcare.ro\/en\/wp-json\/wp\/v2\/types\/page"}],"author":[{"embeddable":true,"href":"http:\/\/doinahealthcare.ro\/en\/wp-json\/wp\/v2\/users\/1"}],"replies":[{"embeddable":true,"href":"http:\/\/doinahealthcare.ro\/en\/wp-json\/wp\/v2\/comments?post=182"}],"version-history":[{"count":5,"href":"http:\/\/doinahealthcare.ro\/en\/wp-json\/wp\/v2\/pages\/182\/revisions"}],"predecessor-version":[{"id":216,"href":"http:\/\/doinahealthcare.ro\/en\/wp-json\/wp\/v2\/pages\/182\/revisions\/216"}],"wp:attachment":[{"href":"http:\/\/doinahealthcare.ro\/en\/wp-json\/wp\/v2\/media?parent=182"}],"curies":[{"name":"wp","href":"https:\/\/api.w.org\/{rel}","templated":true}]}}